{"id":2048,"date":"2024-03-26T12:47:31","date_gmt":"2024-03-26T11:47:31","guid":{"rendered":"https:\/\/chemiepark-luelsdorf.com\/site-notice\/"},"modified":"2025-07-19T12:58:03","modified_gmt":"2025-07-19T10:58:03","slug":"site-notice","status":"publish","type":"page","link":"https:\/\/chemiepark-luelsdorf.com\/en\/site-notice\/","title":{"rendered":"Site notice"},"content":{"rendered":"<p><div class=\"fusion-fullwidth fullwidth-box fusion-builder-row-1 fusion-flex-container has-pattern-background has-mask-background fusion-parallax-fixed hundred-percent-fullwidth non-hundred-percent-height-scrolling lazyload\" style=\"--awb-border-radius-top-left:0px;--awb-border-radius-top-right:0px;--awb-border-radius-bottom-right:0px;--awb-border-radius-bottom-left:0px;--awb-padding-top:0px;--awb-padding-right:0px;--awb-padding-bottom:30%;--awb-padding-left:0px;--awb-padding-bottom-medium:60%;--awb-padding-bottom-small:80%;--awb-background-size:cover;--awb-flex-wrap:wrap;background-attachment:fixed;\" data-bg=\"https:\/\/chemiepark-luelsdorf.com\/wp-content\/uploads\/prlx-impressum.jpg\" ><div class=\"fusion-builder-row fusion-row fusion-flex-align-items-flex-start fusion-flex-content-wrap\" style=\"width:104% !important;max-width:104% !important;margin-left: calc(-4% \/ 2 );margin-right: calc(-4% \/ 2 );\"><\/div><\/div><div id=\"site-notice\" class=\"fusion-container-anchor\"><div class=\"fusion-fullwidth fullwidth-box fusion-builder-row-2 fusion-flex-container has-pattern-background has-mask-background nonhundred-percent-fullwidth non-hundred-percent-height-scrolling\" style=\"--awb-border-radius-top-left:0px;--awb-border-radius-top-right:0px;--awb-border-radius-bottom-right:0px;--awb-border-radius-bottom-left:0px;--awb-padding-bottom:50px;--awb-padding-top-small:40px;--awb-padding-bottom-small:25px;--awb-flex-wrap:wrap;\" ><div class=\"fusion-builder-row fusion-row fusion-flex-align-items-flex-start fusion-flex-justify-content-center fusion-flex-content-wrap\" style=\"max-width:1248px;margin-left: calc(-4% \/ 2 );margin-right: calc(-4% \/ 2 );\"><div class=\"fusion-layout-column fusion_builder_column fusion-builder-column-0 fusion_builder_column_1_1 1_1 fusion-flex-column fusion-animated\" style=\"--awb-bg-size:cover;--awb-width-large:100%;--awb-margin-top-large:0px;--awb-spacing-right-large:1.92%;--awb-margin-bottom-large:0px;--awb-spacing-left-large:1.92%;--awb-width-medium:100%;--awb-order-medium:0;--awb-spacing-right-medium:1.92%;--awb-spacing-left-medium:1.92%;--awb-width-small:100%;--awb-order-small:0;--awb-spacing-right-small:1.92%;--awb-spacing-left-small:1.92%;\" data-animationType=\"fadeInDown\" data-animationDuration=\"0.3\" data-animationOffset=\"top-into-view\" data-scroll-devices=\"small-visibility,medium-visibility,large-visibility\"><div class=\"fusion-column-wrapper fusion-column-has-shadow fusion-flex-justify-content-flex-start fusion-content-layout-column\"><div class=\"fusion-text fusion-text-1\" style=\"--awb-content-alignment:center;--awb-text-transform:none;\"><h1>Site Notice<\/h1>\n<h2>(lat. <i><span lang=\"la\">impressum<\/span><\/i> for &#8220;something printed in&#8221; or &#8220;printed on&#8221;)<\/h2>\n<\/div><div class=\"fusion-text fusion-text-2 sm-text-align-center\"><h3>According to \u00a75 TMG<\/h3>\n<\/div><\/div><\/div><div class=\"fusion-layout-column fusion_builder_column fusion-builder-column-1 fusion_builder_column_1_2 1_2 fusion-flex-column fusion-animated\" style=\"--awb-bg-size:cover;--awb-width-large:50%;--awb-margin-top-large:0px;--awb-spacing-right-large:3.84%;--awb-margin-bottom-large:0px;--awb-spacing-left-large:3.84%;--awb-width-medium:100%;--awb-order-medium:0;--awb-spacing-right-medium:1.92%;--awb-margin-bottom-medium:0px;--awb-spacing-left-medium:1.92%;--awb-width-small:100%;--awb-order-small:0;--awb-spacing-right-small:1.92%;--awb-spacing-left-small:1.92%;\" data-animationType=\"fadeInLeft\" data-animationDuration=\"1.0\" data-animationOffset=\"top-into-view\" data-scroll-devices=\"small-visibility,medium-visibility,large-visibility\"><div class=\"fusion-column-wrapper fusion-column-has-shadow fusion-flex-justify-content-flex-start fusion-content-layout-column\"><div class=\"fusion-text fusion-text-3 sm-text-align-center\"><p><strong>Chemiepark L\u00fclsdorf GmbH<\/strong><br \/>\nFeldm\u00fchlestra\u00dfe 3, 53859 Niederkassel, Germany<br \/>\n<strong>T:<\/strong> <a href=\"tel:00492208690\">+49 2208 690<\/a><br \/>\n<strong>E:<\/strong> <a href=\"mailto:info@chemiepark-luelsdorf.com\">info@chemiepark-luelsdorf.com<\/a><\/p>\n<p><strong>Represented by the authorized managing directors<\/strong><br \/>\nDr. Dirk R\u00f6ttger und Rafael Reiser<\/p>\n<p><strong>Commercial register<\/strong><br \/>\nAmtsgericht Siegburg, HRB 18222<\/p>\n<p><strong>VAT ID<\/strong> (Sales tax identification number according to Sect. 27 a of the Sales Tax Law)<br \/>\n(follows as soon as available)<\/p>\n<\/div><\/div><\/div><div class=\"fusion-layout-column fusion_builder_column fusion-builder-column-2 fusion_builder_column_1_2 1_2 fusion-flex-column fusion-animated\" style=\"--awb-bg-size:cover;--awb-width-large:50%;--awb-margin-top-large:0px;--awb-spacing-right-large:3.84%;--awb-margin-bottom-large:0px;--awb-spacing-left-large:3.84%;--awb-width-medium:100%;--awb-order-medium:0;--awb-spacing-right-medium:1.92%;--awb-spacing-left-medium:1.92%;--awb-width-small:100%;--awb-order-small:0;--awb-spacing-right-small:1.92%;--awb-spacing-left-small:1.92%;\" data-animationType=\"fadeInRight\" data-animationDuration=\"1.0\" data-animationOffset=\"top-into-view\" data-scroll-devices=\"small-visibility,medium-visibility,large-visibility\"><div class=\"fusion-column-wrapper fusion-column-has-shadow fusion-flex-justify-content-flex-start fusion-content-layout-column\"><div class=\"fusion-text fusion-text-4 sm-text-align-center\"><p><strong>Person responsible for editorial<\/strong><br \/>\nDr. Dirk R\u00f6ttger, Feldm\u00fchlestra\u00dfe 3, 53859 Niederkassel, Germany<\/p>\n<p><strong>Business liability insurance<br \/>\n<\/strong>Allianz Global Corporate &amp; Speciality SE<br \/>\nK\u00f6niginstra\u00dfe 28, 50802 M\u00fcnchen<br \/>\n<strong>T:<\/strong> +49 89 38000<br \/>\n<strong>E:<\/strong> info@allianz.com<br \/>\nGeographical scope: worldwide<\/p>\n<p><strong>Dispute resolution<\/strong><br \/>\nWe are not obliged and not willing to participate in dispute resolution proceedings before a consumer arbitration board.<\/p>\n<\/div><\/div><\/div><div class=\"fusion-layout-column fusion_builder_column fusion-builder-column-3 fusion_builder_column_1_1 1_1 fusion-flex-column fusion-animated\" style=\"--awb-bg-size:cover;--awb-width-large:100%;--awb-margin-top-large:0px;--awb-spacing-right-large:1.92%;--awb-margin-bottom-large:0px;--awb-spacing-left-large:1.92%;--awb-width-medium:100%;--awb-order-medium:0;--awb-spacing-right-medium:1.92%;--awb-spacing-left-medium:1.92%;--awb-width-small:100%;--awb-order-small:0;--awb-spacing-right-small:1.92%;--awb-spacing-left-small:1.92%;\" data-animationType=\"fadeInDown\" data-animationDuration=\"0.3\" data-animationOffset=\"top-into-view\" data-scroll-devices=\"small-visibility,medium-visibility,large-visibility\"><div class=\"fusion-column-wrapper fusion-column-has-shadow fusion-flex-justify-content-flex-start fusion-content-layout-column\"><div class=\"fusion-text fusion-text-5 sm-text-align-center\"><h3>Publication according to \u00a723 of the 17. BImSchV<\/h3>\n<p><a class=\"fb-icon-element-1 fb-icon-element fontawesome-icon fa-file-pdf fas circle-no fusion-text-flow fusion-link\" style=\"--awb-font-size:32px;--awb-margin-right:16px;\" href=\"\/wp-content\/uploads\/doc-information-BImSchG-EDC.pdf\" target=\"_blank\" aria-label=\"Link to \/wp-content\/uploads\/doc-information-BImSchG-EDC.pdf\" rel=\"noopener noreferrer\"><\/a> <a href=\"\/wp-content\/uploads\/doc-information-BImSchG-EDC.pdf\" target=\"_blank\" rel=\"noopener\">PDF-Download<\/a><\/p>\n<\/div><\/div><\/div><div class=\"fusion-layout-column fusion_builder_column fusion-builder-column-4 fusion_builder_column_1_1 1_1 fusion-flex-column fusion-column-inner-bg-wrapper fusion-animated\" style=\"--awb-padding-top:18px;--awb-padding-right:50px;--awb-padding-bottom:1px;--awb-padding-left:50px;--awb-overflow:hidden;--awb-inner-bg-color:var(--awb-color1);--awb-inner-bg-color-hover:var(--awb-color1);--awb-inner-bg-size:cover;--awb-border-radius:5px 5px 5px 5px;--awb-inner-bg-border-radius:5px 5px 5px 5px;--awb-inner-bg-overflow:hidden;--awb-width-large:100%;--awb-margin-top-large:35px;--awb-spacing-right-large:1.92%;--awb-margin-bottom-large:0px;--awb-spacing-left-large:1.92%;--awb-width-medium:100%;--awb-order-medium:0;--awb-spacing-right-medium:1.92%;--awb-spacing-left-medium:1.92%;--awb-width-small:100%;--awb-order-small:0;--awb-spacing-right-small:1.92%;--awb-spacing-left-small:1.92%;\" data-animationType=\"rubberBand\" data-animationDuration=\"0.8\" data-animationOffset=\"top-into-view\" data-scroll-devices=\"small-visibility,medium-visibility,large-visibility\"><span class=\"fusion-column-inner-bg hover-type-none\"><a class=\"fusion-column-anchor\" href=\"https:\/\/www.cyberfabrik.de\" rel=\"noopener noreferrer\" target=\"_blank\"><span class=\"fusion-column-inner-bg-image\"><\/span><\/a><\/span><div class=\"fusion-column-wrapper fusion-column-has-shadow fusion-flex-justify-content-flex-start fusion-content-layout-column\"><div class=\"fusion-text fusion-text-6\" style=\"--awb-content-alignment:center;--awb-text-color:var(--awb-color7);\"><p>Design, Programming &amp; Webdevelopment: <strong>cyberfabrik | Agentur f\u00fcr Webdesign &amp; Webentwicklung<\/strong><br \/>\nMade with organically grown, locally sourced code.<\/p>\n<\/div><\/div><\/div><div class=\"fusion-layout-column fusion_builder_column fusion-builder-column-5 fusion_builder_column_1_1 1_1 fusion-flex-column fusion-animated\" style=\"--awb-bg-size:cover;--awb-width-large:100%;--awb-margin-top-large:0px;--awb-spacing-right-large:1.92%;--awb-margin-bottom-large:20px;--awb-spacing-left-large:1.92%;--awb-width-medium:100%;--awb-order-medium:0;--awb-spacing-right-medium:1.92%;--awb-spacing-left-medium:1.92%;--awb-width-small:100%;--awb-order-small:0;--awb-spacing-right-small:1.92%;--awb-spacing-left-small:1.92%;\" data-animationType=\"slideInDown\" data-animationDuration=\"0.4\" data-animationOffset=\"top-into-view\" data-scroll-devices=\"small-visibility,medium-visibility,large-visibility\"><div class=\"fusion-column-wrapper fusion-column-has-shadow fusion-flex-justify-content-flex-start fusion-content-layout-column\"><div class=\"fusion-image-element \" style=\"text-align:center;--awb-margin-top:60px;--awb-max-width:165px;--awb-caption-title-font-family:var(--h2_typography-font-family);--awb-caption-title-font-weight:var(--h2_typography-font-weight);--awb-caption-title-font-style:var(--h2_typography-font-style);--awb-caption-title-size:var(--h2_typography-font-size);--awb-caption-title-transform:var(--h2_typography-text-transform);--awb-caption-title-line-height:var(--h2_typography-line-height);--awb-caption-title-letter-spacing:var(--h2_typography-letter-spacing);\"><span class=\" fusion-imageframe imageframe-none imageframe-1 hover-type-none\"><img decoding=\"async\" width=\"374\" height=\"33\" src=\"https:\/\/chemiepark-luelsdorf.com\/wp-content\/uploads\/lgo-ci-dots.png\" data-orig-src=\"https:\/\/chemiepark-luelsdorf.com\/wp-content\/uploads\/lgo-ci-dots.png\" alt class=\"lazyload img-responsive wp-image-1894\" srcset=\"data:image\/svg+xml,%3Csvg%20xmlns%3D%27http%3A%2F%2Fwww.w3.org%2F2000%2Fsvg%27%20width%3D%27374%27%20height%3D%2733%27%20viewBox%3D%270%200%20374%2033%27%3E%3Crect%20width%3D%27374%27%20height%3D%2733%27%20fill-opacity%3D%220%22%2F%3E%3C%2Fsvg%3E\" data-srcset=\"https:\/\/chemiepark-luelsdorf.com\/wp-content\/uploads\/lgo-ci-dots-200x18.png 200w, https:\/\/chemiepark-luelsdorf.com\/wp-content\/uploads\/lgo-ci-dots.png 374w\" data-sizes=\"auto\" data-orig-sizes=\"(max-width: 640px) 100vw, 374px\" \/><\/span><\/div><\/div><\/div><\/div><\/div><\/div><\/p>\n","protected":false},"excerpt":{"rendered":"","protected":false},"author":1,"featured_media":1910,"parent":0,"menu_order":101,"comment_status":"closed","ping_status":"closed","template":"100-width.php","meta":{"footnotes":""},"class_list":["post-2048","page","type-page","status-publish","has-post-thumbnail","hentry"],"yoast_head":"<!-- This site is optimized with the Yoast SEO plugin v27.4 - https:\/\/yoast.com\/product\/yoast-seo-wordpress\/ -->\n<title>Chemiepark L\u00fclsdorf &#062; Innovation around the molecule &#062; Site notice<\/title>\n<meta name=\"description\" content=\"Zentral gelegener innovations- und produktionsstarker Wirkungsort f\u00fcr Betriebe der Chemischen Industrie \u2013\u00a0mit bester interner und externer Infrastruktur.\" \/>\n<meta name=\"robots\" content=\"noindex, nofollow\" \/>\n<meta property=\"og:locale\" content=\"en_US\" \/>\n<meta property=\"og:type\" content=\"article\" \/>\n<meta property=\"og:title\" content=\"Chemiepark L\u00fclsdorf &#062; Innovation around the molecule &#062; Site notice\" \/>\n<meta property=\"og:description\" content=\"Zentral gelegener innovations- und produktionsstarker Wirkungsort f\u00fcr Betriebe der Chemischen Industrie \u2013\u00a0mit bester interner und externer Infrastruktur.\" \/>\n<meta property=\"og:url\" content=\"https:\/\/chemiepark-luelsdorf.com\/en\/site-notice\/\" \/>\n<meta property=\"og:site_name\" content=\"Chemiepark L\u00fclsdorf\" \/>\n<meta property=\"article:publisher\" content=\"https:\/\/www.facebook.com\/Chemiepark.Luelsdorf\" \/>\n<meta property=\"article:modified_time\" content=\"2025-07-19T10:58:03+00:00\" \/>\n<meta property=\"og:image\" content=\"https:\/\/chemiepark-luelsdorf.com\/wp-content\/uploads\/prlx-impressum.jpg\" \/>\n\t<meta property=\"og:image:width\" content=\"2560\" \/>\n\t<meta property=\"og:image:height\" content=\"1707\" \/>\n\t<meta property=\"og:image:type\" content=\"image\/jpeg\" \/>\n<meta name=\"twitter:card\" content=\"summary_large_image\" \/>\n<meta name=\"twitter:label1\" content=\"Est. reading time\" \/>\n\t<meta name=\"twitter:data1\" content=\"2 minutes\" \/>\n<script type=\"application\/ld+json\" class=\"yoast-schema-graph\">{\"@context\":\"https:\\\/\\\/schema.org\",\"@graph\":[{\"@type\":\"WebPage\",\"@id\":\"https:\\\/\\\/chemiepark-luelsdorf.com\\\/en\\\/site-notice\\\/\",\"url\":\"https:\\\/\\\/chemiepark-luelsdorf.com\\\/en\\\/site-notice\\\/\",\"name\":\"Chemiepark L\u00fclsdorf &#062; Innovation around the molecule &#062; Site notice\",\"isPartOf\":{\"@id\":\"https:\\\/\\\/chemiepark-luelsdorf.com\\\/#website\"},\"primaryImageOfPage\":{\"@id\":\"https:\\\/\\\/chemiepark-luelsdorf.com\\\/en\\\/site-notice\\\/#primaryimage\"},\"image\":{\"@id\":\"https:\\\/\\\/chemiepark-luelsdorf.com\\\/en\\\/site-notice\\\/#primaryimage\"},\"thumbnailUrl\":\"https:\\\/\\\/chemiepark-luelsdorf.com\\\/wp-content\\\/uploads\\\/prlx-impressum.jpg\",\"datePublished\":\"2024-03-26T11:47:31+00:00\",\"dateModified\":\"2025-07-19T10:58:03+00:00\",\"description\":\"Zentral gelegener innovations- und produktionsstarker Wirkungsort f\u00fcr Betriebe der Chemischen Industrie \u2013\u00a0mit bester interner und externer Infrastruktur.\",\"breadcrumb\":{\"@id\":\"https:\\\/\\\/chemiepark-luelsdorf.com\\\/en\\\/site-notice\\\/#breadcrumb\"},\"inLanguage\":\"en-US\",\"potentialAction\":[{\"@type\":\"ReadAction\",\"target\":[\"https:\\\/\\\/chemiepark-luelsdorf.com\\\/en\\\/site-notice\\\/\"]}]},{\"@type\":\"ImageObject\",\"inLanguage\":\"en-US\",\"@id\":\"https:\\\/\\\/chemiepark-luelsdorf.com\\\/en\\\/site-notice\\\/#primaryimage\",\"url\":\"https:\\\/\\\/chemiepark-luelsdorf.com\\\/wp-content\\\/uploads\\\/prlx-impressum.jpg\",\"contentUrl\":\"https:\\\/\\\/chemiepark-luelsdorf.com\\\/wp-content\\\/uploads\\\/prlx-impressum.jpg\",\"width\":2560,\"height\":1707},{\"@type\":\"BreadcrumbList\",\"@id\":\"https:\\\/\\\/chemiepark-luelsdorf.com\\\/en\\\/site-notice\\\/#breadcrumb\",\"itemListElement\":[{\"@type\":\"ListItem\",\"position\":1,\"name\":\"Startseite\",\"item\":\"https:\\\/\\\/chemiepark-luelsdorf.com\\\/en\\\/\"},{\"@type\":\"ListItem\",\"position\":2,\"name\":\"Site notice\"}]},{\"@type\":\"WebSite\",\"@id\":\"https:\\\/\\\/chemiepark-luelsdorf.com\\\/#website\",\"url\":\"https:\\\/\\\/chemiepark-luelsdorf.com\\\/\",\"name\":\"Chemiepark L\u00fclsdorf\",\"description\":\"Innovation around the molecule\",\"publisher\":{\"@id\":\"https:\\\/\\\/chemiepark-luelsdorf.com\\\/#organization\"},\"potentialAction\":[{\"@type\":\"SearchAction\",\"target\":{\"@type\":\"EntryPoint\",\"urlTemplate\":\"https:\\\/\\\/chemiepark-luelsdorf.com\\\/?s={search_term_string}\"},\"query-input\":{\"@type\":\"PropertyValueSpecification\",\"valueRequired\":true,\"valueName\":\"search_term_string\"}}],\"inLanguage\":\"en-US\"},{\"@type\":\"Organization\",\"@id\":\"https:\\\/\\\/chemiepark-luelsdorf.com\\\/#organization\",\"name\":\"Chemiepark L\u00fclsdorf\",\"url\":\"https:\\\/\\\/chemiepark-luelsdorf.com\\\/\",\"logo\":{\"@type\":\"ImageObject\",\"inLanguage\":\"en-US\",\"@id\":\"https:\\\/\\\/chemiepark-luelsdorf.com\\\/#\\\/schema\\\/logo\\\/image\\\/\",\"url\":\"https:\\\/\\\/chemiepark-luelsdorf.com\\\/wp-content\\\/uploads\\\/lgo_website-icon.jpg\",\"contentUrl\":\"https:\\\/\\\/chemiepark-luelsdorf.com\\\/wp-content\\\/uploads\\\/lgo_website-icon.jpg\",\"width\":512,\"height\":512,\"caption\":\"Chemiepark L\u00fclsdorf\"},\"image\":{\"@id\":\"https:\\\/\\\/chemiepark-luelsdorf.com\\\/#\\\/schema\\\/logo\\\/image\\\/\"},\"sameAs\":[\"https:\\\/\\\/www.facebook.com\\\/Chemiepark.Luelsdorf\",\"https:\\\/\\\/www.instagram.com\\\/explore\\\/locations\\\/114188503573797\\\/chemiepark-lulsdorf\\\/\",\"https:\\\/\\\/www.linkedin.com\\\/company\\\/chemiepark-l-lsdorf-gmbh\\\/\"]}]}<\/script>\n<!-- \/ Yoast SEO plugin. -->","yoast_head_json":{"title":"Chemiepark L\u00fclsdorf &#062; Innovation around the molecule &#062; Site notice","description":"Zentral gelegener innovations- und produktionsstarker Wirkungsort f\u00fcr Betriebe der Chemischen Industrie \u2013\u00a0mit bester interner und externer Infrastruktur.","robots":{"index":"noindex","follow":"nofollow"},"og_locale":"en_US","og_type":"article","og_title":"Chemiepark L\u00fclsdorf &#062; Innovation around the molecule &#062; Site notice","og_description":"Zentral gelegener innovations- und produktionsstarker Wirkungsort f\u00fcr Betriebe der Chemischen Industrie \u2013\u00a0mit bester interner und externer Infrastruktur.","og_url":"https:\/\/chemiepark-luelsdorf.com\/en\/site-notice\/","og_site_name":"Chemiepark L\u00fclsdorf","article_publisher":"https:\/\/www.facebook.com\/Chemiepark.Luelsdorf","article_modified_time":"2025-07-19T10:58:03+00:00","og_image":[{"width":2560,"height":1707,"url":"https:\/\/chemiepark-luelsdorf.com\/wp-content\/uploads\/prlx-impressum.jpg","type":"image\/jpeg"}],"twitter_card":"summary_large_image","twitter_misc":{"Est. reading time":"2 minutes"},"schema":{"@context":"https:\/\/schema.org","@graph":[{"@type":"WebPage","@id":"https:\/\/chemiepark-luelsdorf.com\/en\/site-notice\/","url":"https:\/\/chemiepark-luelsdorf.com\/en\/site-notice\/","name":"Chemiepark L\u00fclsdorf &#062; Innovation around the molecule &#062; Site notice","isPartOf":{"@id":"https:\/\/chemiepark-luelsdorf.com\/#website"},"primaryImageOfPage":{"@id":"https:\/\/chemiepark-luelsdorf.com\/en\/site-notice\/#primaryimage"},"image":{"@id":"https:\/\/chemiepark-luelsdorf.com\/en\/site-notice\/#primaryimage"},"thumbnailUrl":"https:\/\/chemiepark-luelsdorf.com\/wp-content\/uploads\/prlx-impressum.jpg","datePublished":"2024-03-26T11:47:31+00:00","dateModified":"2025-07-19T10:58:03+00:00","description":"Zentral gelegener innovations- und produktionsstarker Wirkungsort f\u00fcr Betriebe der Chemischen Industrie \u2013\u00a0mit bester interner und externer Infrastruktur.","breadcrumb":{"@id":"https:\/\/chemiepark-luelsdorf.com\/en\/site-notice\/#breadcrumb"},"inLanguage":"en-US","potentialAction":[{"@type":"ReadAction","target":["https:\/\/chemiepark-luelsdorf.com\/en\/site-notice\/"]}]},{"@type":"ImageObject","inLanguage":"en-US","@id":"https:\/\/chemiepark-luelsdorf.com\/en\/site-notice\/#primaryimage","url":"https:\/\/chemiepark-luelsdorf.com\/wp-content\/uploads\/prlx-impressum.jpg","contentUrl":"https:\/\/chemiepark-luelsdorf.com\/wp-content\/uploads\/prlx-impressum.jpg","width":2560,"height":1707},{"@type":"BreadcrumbList","@id":"https:\/\/chemiepark-luelsdorf.com\/en\/site-notice\/#breadcrumb","itemListElement":[{"@type":"ListItem","position":1,"name":"Startseite","item":"https:\/\/chemiepark-luelsdorf.com\/en\/"},{"@type":"ListItem","position":2,"name":"Site notice"}]},{"@type":"WebSite","@id":"https:\/\/chemiepark-luelsdorf.com\/#website","url":"https:\/\/chemiepark-luelsdorf.com\/","name":"Chemiepark L\u00fclsdorf","description":"Innovation around the molecule","publisher":{"@id":"https:\/\/chemiepark-luelsdorf.com\/#organization"},"potentialAction":[{"@type":"SearchAction","target":{"@type":"EntryPoint","urlTemplate":"https:\/\/chemiepark-luelsdorf.com\/?s={search_term_string}"},"query-input":{"@type":"PropertyValueSpecification","valueRequired":true,"valueName":"search_term_string"}}],"inLanguage":"en-US"},{"@type":"Organization","@id":"https:\/\/chemiepark-luelsdorf.com\/#organization","name":"Chemiepark L\u00fclsdorf","url":"https:\/\/chemiepark-luelsdorf.com\/","logo":{"@type":"ImageObject","inLanguage":"en-US","@id":"https:\/\/chemiepark-luelsdorf.com\/#\/schema\/logo\/image\/","url":"https:\/\/chemiepark-luelsdorf.com\/wp-content\/uploads\/lgo_website-icon.jpg","contentUrl":"https:\/\/chemiepark-luelsdorf.com\/wp-content\/uploads\/lgo_website-icon.jpg","width":512,"height":512,"caption":"Chemiepark L\u00fclsdorf"},"image":{"@id":"https:\/\/chemiepark-luelsdorf.com\/#\/schema\/logo\/image\/"},"sameAs":["https:\/\/www.facebook.com\/Chemiepark.Luelsdorf","https:\/\/www.instagram.com\/explore\/locations\/114188503573797\/chemiepark-lulsdorf\/","https:\/\/www.linkedin.com\/company\/chemiepark-l-lsdorf-gmbh\/"]}]}},"_links":{"self":[{"href":"https:\/\/chemiepark-luelsdorf.com\/en\/wp-json\/wp\/v2\/pages\/2048","targetHints":{"allow":["GET"]}}],"collection":[{"href":"https:\/\/chemiepark-luelsdorf.com\/en\/wp-json\/wp\/v2\/pages"}],"about":[{"href":"https:\/\/chemiepark-luelsdorf.com\/en\/wp-json\/wp\/v2\/types\/page"}],"author":[{"embeddable":true,"href":"https:\/\/chemiepark-luelsdorf.com\/en\/wp-json\/wp\/v2\/users\/1"}],"replies":[{"embeddable":true,"href":"https:\/\/chemiepark-luelsdorf.com\/en\/wp-json\/wp\/v2\/comments?post=2048"}],"version-history":[{"count":5,"href":"https:\/\/chemiepark-luelsdorf.com\/en\/wp-json\/wp\/v2\/pages\/2048\/revisions"}],"predecessor-version":[{"id":2867,"href":"https:\/\/chemiepark-luelsdorf.com\/en\/wp-json\/wp\/v2\/pages\/2048\/revisions\/2867"}],"wp:featuredmedia":[{"embeddable":true,"href":"https:\/\/chemiepark-luelsdorf.com\/en\/wp-json\/wp\/v2\/media\/1910"}],"wp:attachment":[{"href":"https:\/\/chemiepark-luelsdorf.com\/en\/wp-json\/wp\/v2\/media?parent=2048"}],"curies":[{"name":"wp","href":"https:\/\/api.w.org\/{rel}","templated":true}]}}